{"id":171,"date":"2024-01-31T15:05:23","date_gmt":"2024-01-31T14:05:23","guid":{"rendered":"https:\/\/www.hayat.dk\/da-dk\/coming-soon\/"},"modified":"2026-04-16T22:32:01","modified_gmt":"2026-04-16T20:32:01","slug":"annoncering","status":"publish","type":"page","link":"https:\/\/www.hayat.dk\/da-dk\/annoncering\/","title":{"rendered":"Annoncering"},"content":{"rendered":"<div class=\"wpb-content-wrapper\"><p>[vc_row][vc_column][vc_column_text css=&#8221;&#8221;]<\/p>\n<h3>Annonc\u00e9r med Hayat | Livet i Danmark<\/h3>\n<p>Vil du n\u00e5 ud til et bredt, mangfoldigt og engageret publikum? Hos Hayat tilbyder vi fleksible og effektive annonceringsmuligheder, der g\u00f8r det nemt for din virksomhed eller organisation at blive set.<\/p>\n<p>Vi hj\u00e6lper med at skabe m\u00e5lrettede kampagner, der passer til vores l\u00e6seres interesser inden for nyheder, erhverv, uddannelse og kultur. Uanset om du \u00f8nsker displayannoncer, sponsorerede artikler eller sociale mediekampagner, sikrer vi, at dit budskab n\u00e5r frem til de rette modtagere.<\/p>\n<p>Annoncering hos Hayat er ikke kun synlighed \u2013 det er en mulighed for at blive en del af et inkluderende og relevant mediemilj\u00f8, hvor mangfoldighed og dialog er i fokus.<\/p>\n<p><a href=\"https:\/\/www.hayat.dk\/da-dk\/kontakt-os\/\" target=\"_blank\" rel=\"noopener\">Kontakt os<\/a> i dag og h\u00f8r, hvordan vi kan hj\u00e6lpe dig med at styrke din tilstedev\u00e6relse og engagere dit publikum.<\/p>\n<h3>Priser p\u00e5 annoncering hos Hayat<\/h3>\n<p>Hos Hayat tilbyder vi annonceringsmuligheder til konkurrencedygtige priser. Vores annoncer er designet til at give dig maksimal synlighed over for et bredt og engageret publikum med interesse for nyheder, erhverv, uddannelse, rejser og kultur.<\/p>\n<p>Vi tilpasser gerne l\u00f8sninger efter dit budget og dine m\u00e5l. <a href=\"https:\/\/www.hayat.dk\/da-dk\/kontakt-os\/\" target=\"_blank\" rel=\"noopener\">Kontakt os<\/a> for et tilbud skr\u00e6ddersyet til dig \u2014 vi hj\u00e6lper med strategi og m\u00e5lgruppe.<\/p>\n<p><strong>Bannerannonce: Run Of Site (ROS) Pris:<\/strong> 7750 kr. pr. m\u00e5ned ekskl. moms<\/p>\n<p><strong>Linkbuilding \/ Sponsoret artikel:<\/strong> Inkl. 1 link til annonc\u00f8r website: 5980 DKK (Link aktiv i 3 mdr. \/ Ekskl. produktion af artikel.)<\/p>\n<p>Alle priser er ekskl. moms.<\/p>\n<p>Bestil din annonce her: <a href=\"https:\/\/www.hayat.dk\/da-dk\/kontakt-os\/\">Kontakt Os<\/a>[\/vc_column_text][\/vc_column][\/vc_row]<\/p>\n<\/div>","protected":false},"excerpt":{"rendered":"<p>[vc_row][vc_column][vc_column_text css=&#8221;&#8221;] Annonc\u00e9r med Hayat | Livet i Danmark Vil du n\u00e5 ud til et bredt, mangfoldigt og engageret publikum? Hos Hayat tilbyder vi fleksible og effektive annonceringsmuligheder, der g\u00f8r det nemt for din virksomhed eller organisation at blive set. Vi hj\u00e6lper med at skabe m\u00e5lrettede kampagner, der passer til vores l\u00e6seres interesser inden for [&hellip;]<\/p>\n","protected":false},"author":2,"featured_media":0,"parent":0,"menu_order":0,"comment_status":"closed","ping_status":"closed","template":"template-index.php","meta":{"jnews_page_loop":{"first_title":"Latest Post","header_type":"heading_6","layout":"right-sidebar","sidebar":"default-sidebar","second_sidebar":"default-sidebar","sticky_sidebar":"1","module":"3","main_custom_image_size":"default","second_custom_image_size":"default","excerpt_length":"20","content_date":"default","date_custom":"Y\/m\/d","content_pagination":"nav_1","pagination_align":"center","post_sticky":"0","post_offset":"0","posts_per_page":"5","sort_by":"latest"},"jnews_single_page":{"layout":"no-sidebar","sidebar":"default-sidebar","second_sidebar":"default-sidebar","sticky_sidebar":"1","show_post_title":"1","show_post_breadcrumbs":"1","show_post_featured":"1","share_position":"top","share_color":"share-monocrhome"},"footnotes":""},"class_list":["post-171","page","type-page","status-publish","hentry"],"yoast_head":"<!-- This site is optimized with the Yoast SEO plugin v27.5 - https:\/\/yoast.com\/product\/yoast-seo-wordpress\/ -->\n<title>Annoncering - Hayat<\/title>\n<meta name=\"description\" content=\"Annonc\u00e9r med Hayat | Livet i Danmark Vil du n\u00e5 ud til et bredt, mangfoldigt og engageret publikum? Hos Hayat tilbyder vi fleksible og effektive\" \/>\n<meta name=\"robots\" content=\"index, follow, max-snippet:-1, max-image-preview:large, max-video-preview:-1\" \/>\n<link rel=\"canonical\" href=\"https:\/\/www.hayat.dk\/da-dk\/annoncering\/\" \/>\n<meta property=\"og:locale\" content=\"da_DK\" \/>\n<meta property=\"og:type\" content=\"article\" \/>\n<meta property=\"og:title\" content=\"Annoncering - Hayat\" \/>\n<meta property=\"og:description\" content=\"Annonc\u00e9r med Hayat | Livet i Danmark Vil du n\u00e5 ud til et bredt, mangfoldigt og engageret publikum? Hos Hayat tilbyder vi fleksible og effektive\" \/>\n<meta property=\"og:url\" content=\"https:\/\/www.hayat.dk\/da-dk\/annoncering\/\" \/>\n<meta property=\"og:site_name\" content=\"Hayat\" \/>\n<meta property=\"article:modified_time\" content=\"2026-04-16T20:32:01+00:00\" \/>\n<meta name=\"twitter:card\" content=\"summary_large_image\" \/>\n<meta name=\"twitter:label1\" content=\"Estimeret l\u00e6setid\" \/>\n\t<meta name=\"twitter:data1\" content=\"1 minut\" \/>\n<script type=\"application\/ld+json\" class=\"yoast-schema-graph\">{\"@context\":\"https:\\\/\\\/schema.org\",\"@graph\":[{\"@type\":\"NewsArticle\",\"@id\":\"https:\\\/\\\/www.hayat.dk\\\/da-dk\\\/annoncering\\\/#article\",\"isPartOf\":{\"@id\":\"https:\\\/\\\/www.hayat.dk\\\/da-dk\\\/annoncering\\\/\"},\"author\":{\"name\":\"Hayat\",\"@id\":\"https:\\\/\\\/www.hayat.dk\\\/da-dk\\\/#\\\/schema\\\/person\\\/cda18be6a217b84bdc85ee9d321455e5\"},\"headline\":\"Annoncering\",\"datePublished\":\"2024-01-31T14:05:23+00:00\",\"dateModified\":\"2026-04-16T20:32:01+00:00\",\"mainEntityOfPage\":{\"@id\":\"https:\\\/\\\/www.hayat.dk\\\/da-dk\\\/annoncering\\\/\"},\"wordCount\":261,\"publisher\":{\"@id\":\"https:\\\/\\\/www.hayat.dk\\\/da-dk\\\/#organization\"},\"inLanguage\":\"da-DK\"},{\"@type\":\"WebPage\",\"@id\":\"https:\\\/\\\/www.hayat.dk\\\/da-dk\\\/annoncering\\\/\",\"url\":\"https:\\\/\\\/www.hayat.dk\\\/da-dk\\\/annoncering\\\/\",\"name\":\"Annoncering - Hayat\",\"isPartOf\":{\"@id\":\"https:\\\/\\\/www.hayat.dk\\\/da-dk\\\/#website\"},\"datePublished\":\"2024-01-31T14:05:23+00:00\",\"dateModified\":\"2026-04-16T20:32:01+00:00\",\"description\":\"Annonc\u00e9r med Hayat | Livet i Danmark Vil du n\u00e5 ud til et bredt, mangfoldigt og engageret publikum? Hos Hayat tilbyder vi fleksible og effektive\",\"breadcrumb\":{\"@id\":\"https:\\\/\\\/www.hayat.dk\\\/da-dk\\\/annoncering\\\/#breadcrumb\"},\"inLanguage\":\"da-DK\",\"potentialAction\":[{\"@type\":\"ReadAction\",\"target\":[\"https:\\\/\\\/www.hayat.dk\\\/da-dk\\\/annoncering\\\/\"]}]},{\"@type\":\"BreadcrumbList\",\"@id\":\"https:\\\/\\\/www.hayat.dk\\\/da-dk\\\/annoncering\\\/#breadcrumb\",\"itemListElement\":[{\"@type\":\"ListItem\",\"position\":1,\"name\":\"Hayat\",\"item\":\"https:\\\/\\\/www.hayat.dk\\\/da-dk\\\/\"},{\"@type\":\"ListItem\",\"position\":2,\"name\":\"Annoncering\"}]},{\"@type\":\"WebSite\",\"@id\":\"https:\\\/\\\/www.hayat.dk\\\/da-dk\\\/#website\",\"url\":\"https:\\\/\\\/www.hayat.dk\\\/da-dk\\\/\",\"name\":\"Hayat\",\"description\":\"\",\"publisher\":{\"@id\":\"https:\\\/\\\/www.hayat.dk\\\/da-dk\\\/#organization\"},\"potentialAction\":[{\"@type\":\"SearchAction\",\"target\":{\"@type\":\"EntryPoint\",\"urlTemplate\":\"https:\\\/\\\/www.hayat.dk\\\/da-dk\\\/?s={search_term_string}\"},\"query-input\":{\"@type\":\"PropertyValueSpecification\",\"valueRequired\":true,\"valueName\":\"search_term_string\"}}],\"inLanguage\":\"da-DK\"},{\"@type\":\"Organization\",\"@id\":\"https:\\\/\\\/www.hayat.dk\\\/da-dk\\\/#organization\",\"name\":\"Hayat\",\"url\":\"https:\\\/\\\/www.hayat.dk\\\/da-dk\\\/\",\"logo\":{\"@type\":\"ImageObject\",\"inLanguage\":\"da-DK\",\"@id\":\"https:\\\/\\\/www.hayat.dk\\\/da-dk\\\/#\\\/schema\\\/logo\\\/image\\\/\",\"url\":\"https:\\\/\\\/www.hayat.dk\\\/da-dk\\\/wp-content\\\/uploads\\\/2023\\\/12\\\/hayat-logo-280X96.webp\",\"contentUrl\":\"https:\\\/\\\/www.hayat.dk\\\/da-dk\\\/wp-content\\\/uploads\\\/2023\\\/12\\\/hayat-logo-280X96.webp\",\"width\":280,\"height\":96,\"caption\":\"Hayat\"},\"image\":{\"@id\":\"https:\\\/\\\/www.hayat.dk\\\/da-dk\\\/#\\\/schema\\\/logo\\\/image\\\/\"}},{\"@type\":\"Person\",\"@id\":\"https:\\\/\\\/www.hayat.dk\\\/da-dk\\\/#\\\/schema\\\/person\\\/cda18be6a217b84bdc85ee9d321455e5\",\"name\":\"Hayat\",\"url\":\"https:\\\/\\\/www.hayat.dk\\\/da-dk\\\/author\\\/hayat\\\/\"}]}<\/script>\n<!-- \/ Yoast SEO plugin. -->","yoast_head_json":{"title":"Annoncering - Hayat","description":"Annonc\u00e9r med Hayat | Livet i Danmark Vil du n\u00e5 ud til et bredt, mangfoldigt og engageret publikum? Hos Hayat tilbyder vi fleksible og effektive","robots":{"index":"index","follow":"follow","max-snippet":"max-snippet:-1","max-image-preview":"max-image-preview:large","max-video-preview":"max-video-preview:-1"},"canonical":"https:\/\/www.hayat.dk\/da-dk\/annoncering\/","og_locale":"da_DK","og_type":"article","og_title":"Annoncering - Hayat","og_description":"Annonc\u00e9r med Hayat | Livet i Danmark Vil du n\u00e5 ud til et bredt, mangfoldigt og engageret publikum? Hos Hayat tilbyder vi fleksible og effektive","og_url":"https:\/\/www.hayat.dk\/da-dk\/annoncering\/","og_site_name":"Hayat","article_modified_time":"2026-04-16T20:32:01+00:00","twitter_card":"summary_large_image","twitter_misc":{"Estimeret l\u00e6setid":"1 minut"},"schema":{"@context":"https:\/\/schema.org","@graph":[{"@type":"NewsArticle","@id":"https:\/\/www.hayat.dk\/da-dk\/annoncering\/#article","isPartOf":{"@id":"https:\/\/www.hayat.dk\/da-dk\/annoncering\/"},"author":{"name":"Hayat","@id":"https:\/\/www.hayat.dk\/da-dk\/#\/schema\/person\/cda18be6a217b84bdc85ee9d321455e5"},"headline":"Annoncering","datePublished":"2024-01-31T14:05:23+00:00","dateModified":"2026-04-16T20:32:01+00:00","mainEntityOfPage":{"@id":"https:\/\/www.hayat.dk\/da-dk\/annoncering\/"},"wordCount":261,"publisher":{"@id":"https:\/\/www.hayat.dk\/da-dk\/#organization"},"inLanguage":"da-DK"},{"@type":"WebPage","@id":"https:\/\/www.hayat.dk\/da-dk\/annoncering\/","url":"https:\/\/www.hayat.dk\/da-dk\/annoncering\/","name":"Annoncering - Hayat","isPartOf":{"@id":"https:\/\/www.hayat.dk\/da-dk\/#website"},"datePublished":"2024-01-31T14:05:23+00:00","dateModified":"2026-04-16T20:32:01+00:00","description":"Annonc\u00e9r med Hayat | Livet i Danmark Vil du n\u00e5 ud til et bredt, mangfoldigt og engageret publikum? Hos Hayat tilbyder vi fleksible og effektive","breadcrumb":{"@id":"https:\/\/www.hayat.dk\/da-dk\/annoncering\/#breadcrumb"},"inLanguage":"da-DK","potentialAction":[{"@type":"ReadAction","target":["https:\/\/www.hayat.dk\/da-dk\/annoncering\/"]}]},{"@type":"BreadcrumbList","@id":"https:\/\/www.hayat.dk\/da-dk\/annoncering\/#breadcrumb","itemListElement":[{"@type":"ListItem","position":1,"name":"Hayat","item":"https:\/\/www.hayat.dk\/da-dk\/"},{"@type":"ListItem","position":2,"name":"Annoncering"}]},{"@type":"WebSite","@id":"https:\/\/www.hayat.dk\/da-dk\/#website","url":"https:\/\/www.hayat.dk\/da-dk\/","name":"Hayat","description":"","publisher":{"@id":"https:\/\/www.hayat.dk\/da-dk\/#organization"},"potentialAction":[{"@type":"SearchAction","target":{"@type":"EntryPoint","urlTemplate":"https:\/\/www.hayat.dk\/da-dk\/?s={search_term_string}"},"query-input":{"@type":"PropertyValueSpecification","valueRequired":true,"valueName":"search_term_string"}}],"inLanguage":"da-DK"},{"@type":"Organization","@id":"https:\/\/www.hayat.dk\/da-dk\/#organization","name":"Hayat","url":"https:\/\/www.hayat.dk\/da-dk\/","logo":{"@type":"ImageObject","inLanguage":"da-DK","@id":"https:\/\/www.hayat.dk\/da-dk\/#\/schema\/logo\/image\/","url":"https:\/\/www.hayat.dk\/da-dk\/wp-content\/uploads\/2023\/12\/hayat-logo-280X96.webp","contentUrl":"https:\/\/www.hayat.dk\/da-dk\/wp-content\/uploads\/2023\/12\/hayat-logo-280X96.webp","width":280,"height":96,"caption":"Hayat"},"image":{"@id":"https:\/\/www.hayat.dk\/da-dk\/#\/schema\/logo\/image\/"}},{"@type":"Person","@id":"https:\/\/www.hayat.dk\/da-dk\/#\/schema\/person\/cda18be6a217b84bdc85ee9d321455e5","name":"Hayat","url":"https:\/\/www.hayat.dk\/da-dk\/author\/hayat\/"}]}},"_links":{"self":[{"href":"https:\/\/www.hayat.dk\/da-dk\/wp-json\/wp\/v2\/pages\/171","targetHints":{"allow":["GET"]}}],"collection":[{"href":"https:\/\/www.hayat.dk\/da-dk\/wp-json\/wp\/v2\/pages"}],"about":[{"href":"https:\/\/www.hayat.dk\/da-dk\/wp-json\/wp\/v2\/types\/page"}],"author":[{"embeddable":true,"href":"https:\/\/www.hayat.dk\/da-dk\/wp-json\/wp\/v2\/users\/2"}],"replies":[{"embeddable":true,"href":"https:\/\/www.hayat.dk\/da-dk\/wp-json\/wp\/v2\/comments?post=171"}],"version-history":[{"count":18,"href":"https:\/\/www.hayat.dk\/da-dk\/wp-json\/wp\/v2\/pages\/171\/revisions"}],"predecessor-version":[{"id":3331,"href":"https:\/\/www.hayat.dk\/da-dk\/wp-json\/wp\/v2\/pages\/171\/revisions\/3331"}],"wp:attachment":[{"href":"https:\/\/www.hayat.dk\/da-dk\/wp-json\/wp\/v2\/media?parent=171"}],"curies":[{"name":"wp","href":"https:\/\/api.w.org\/{rel}","templated":true}]}}