{"id":122,"date":"2024-01-22T16:41:26","date_gmt":"2024-01-22T15:41:26","guid":{"rendered":"https:\/\/www.hayat.dk\/da-dk\/?page_id=122"},"modified":"2026-04-19T21:17:39","modified_gmt":"2026-04-19T19:17:39","slug":"kontakt-os","status":"publish","type":"page","link":"https:\/\/www.hayat.dk\/da-dk\/kontakt-os\/","title":{"rendered":"Kontakt Os"},"content":{"rendered":"<div class=\"wpb-content-wrapper\"><p>[vc_row][vc_column][vc_column_text css=&#8221;&#8221;]<\/p>\n<h3>Kontakt Os<\/h3>\n<p>Hayat \u2013 multikulturelle nyheder i Danmark<\/p>\n<p>Hayat er Danmarks multikulturelle nyhedsmedie.<\/p>\n<p>Har du sp\u00f8rgsm\u00e5l, samarbejdsforslag eller \u00f8nsker du at annoncere hos os, er du altid velkommen til at kontakte os. Vi ser frem til at h\u00f8re fra dig og skabe nye muligheder sammen.<\/p>\n<p>E-post: <a href=\"mailto:davut@hayat.dk\">davut@hayat.dk<\/a><\/p>\n<p>Google Nyheder: <a href=\"https:\/\/news.google.com\/publications\/CAAqBwgKMOW2pgwwy8TsAg\" target=\"_blank\" rel=\"nofollow noopener\">https:\/\/news.google.com\/publications\/CAAqBwgKMOW2pgwwy8TsAg<\/a><\/p>\n<p>Instagram: <a href=\"https:\/\/www.instagram.com\/hayatdanmark\" target=\"_blank\" rel=\"nofollow noopener\">https:\/\/www.instagram.com\/hayatdanmark<\/a><\/p>\n<p>Facebook: <a href=\"https:\/\/www.facebook.com\/hayatdanmark\" target=\"_blank\" rel=\"nofollow noopener\">https:\/\/www.facebook.com\/hayatdanmark<\/a><\/p>\n<p>YouTube: <a href=\"https:\/\/www.youtube.com\/@hayatdanmark\" target=\"_blank\" rel=\"nofollow noopener\">https:\/\/www.youtube.com\/@hayatdanmark<\/a><\/p>\n<h3>Pressemeddelelser til Hayat:<\/h3>\n<p>Vil du sende pressemeddelelse til os?<\/p>\n<p>E-post: <a href=\"mailto:davut@hayat.dk\">davut@hayat.dk<\/a><\/p>\n<p>(Hayat kan ikke garantere at din pressemeddelelse bliver udgivet.)[\/vc_column_text][\/vc_column][\/vc_row]<\/p>\n<\/div>","protected":false},"excerpt":{"rendered":"<p>[vc_row][vc_column][vc_column_text css=&#8221;&#8221;] Kontakt Os Hayat \u2013 multikulturelle nyheder i Danmark Hayat er Danmarks multikulturelle nyhedsmedie. Har du sp\u00f8rgsm\u00e5l, samarbejdsforslag eller \u00f8nsker du at annoncere hos os, er du altid velkommen til at kontakte os. Vi ser frem til at h\u00f8re fra dig og skabe nye muligheder sammen. E-post: davut@hayat.dk Google Nyheder: https:\/\/news.google.com\/publications\/CAAqBwgKMOW2pgwwy8TsAg Instagram: https:\/\/www.instagram.com\/hayatdanmark Facebook: [&hellip;]<\/p>\n","protected":false},"author":2,"featured_media":0,"parent":0,"menu_order":0,"comment_status":"closed","ping_status":"closed","template":"template-index.php","meta":{"jnews_page_loop":{"first_title":"Latest Post","header_type":"heading_6","layout":"right-sidebar","sidebar":"default-sidebar","second_sidebar":"default-sidebar","sticky_sidebar":"1","module":"3","main_custom_image_size":"default","second_custom_image_size":"default","excerpt_length":"20","content_date":"default","date_custom":"Y\/m\/d","content_pagination":"nav_1","pagination_align":"center","post_sticky":"0","post_offset":"0","posts_per_page":"5","sort_by":"latest"},"jnews_single_page":{"layout":"no-sidebar","sidebar":"default-sidebar","second_sidebar":"default-sidebar","sticky_sidebar":"1","show_post_title":"1","show_post_breadcrumbs":"1","show_post_featured":"1","share_position":"top","share_color":"share-monocrhome"},"footnotes":""},"class_list":["post-122","page","type-page","status-publish","hentry"],"yoast_head":"<!-- This site is optimized with the Yoast SEO plugin v27.5 - https:\/\/yoast.com\/product\/yoast-seo-wordpress\/ -->\n<title>Kontakt Os - Hayat<\/title>\n<meta name=\"description\" content=\"Kontakt Os Hayat \u2013 multikulturelle nyheder i Danmark Hayat er Danmarks multikulturelle nyhedsmedie. Har du sp\u00f8rgsm\u00e5l, samarbejdsforslag eller \u00f8nsker du at\" \/>\n<meta name=\"robots\" content=\"index, follow, max-snippet:-1, max-image-preview:large, max-video-preview:-1\" \/>\n<link rel=\"canonical\" href=\"https:\/\/www.hayat.dk\/da-dk\/kontakt-os\/\" \/>\n<meta property=\"og:locale\" content=\"da_DK\" \/>\n<meta property=\"og:type\" content=\"article\" \/>\n<meta property=\"og:title\" content=\"Kontakt Os - Hayat\" \/>\n<meta property=\"og:description\" content=\"Kontakt Os Hayat \u2013 multikulturelle nyheder i Danmark Hayat er Danmarks multikulturelle nyhedsmedie. Har du sp\u00f8rgsm\u00e5l, samarbejdsforslag eller \u00f8nsker du at\" \/>\n<meta property=\"og:url\" content=\"https:\/\/www.hayat.dk\/da-dk\/kontakt-os\/\" \/>\n<meta property=\"og:site_name\" content=\"Hayat\" \/>\n<meta property=\"article:modified_time\" content=\"2026-04-19T19:17:39+00:00\" \/>\n<meta name=\"twitter:card\" content=\"summary_large_image\" \/>\n<meta name=\"twitter:label1\" content=\"Estimeret l\u00e6setid\" \/>\n\t<meta name=\"twitter:data1\" content=\"1 minut\" \/>\n<script type=\"application\/ld+json\" class=\"yoast-schema-graph\">{\"@context\":\"https:\\\/\\\/schema.org\",\"@graph\":[{\"@type\":\"NewsArticle\",\"@id\":\"https:\\\/\\\/www.hayat.dk\\\/da-dk\\\/kontakt-os\\\/#article\",\"isPartOf\":{\"@id\":\"https:\\\/\\\/www.hayat.dk\\\/da-dk\\\/kontakt-os\\\/\"},\"author\":{\"name\":\"Hayat\",\"@id\":\"https:\\\/\\\/www.hayat.dk\\\/da-dk\\\/#\\\/schema\\\/person\\\/cda18be6a217b84bdc85ee9d321455e5\"},\"headline\":\"Kontakt Os\",\"datePublished\":\"2024-01-22T15:41:26+00:00\",\"dateModified\":\"2026-04-19T19:17:39+00:00\",\"mainEntityOfPage\":{\"@id\":\"https:\\\/\\\/www.hayat.dk\\\/da-dk\\\/kontakt-os\\\/\"},\"wordCount\":118,\"publisher\":{\"@id\":\"https:\\\/\\\/www.hayat.dk\\\/da-dk\\\/#organization\"},\"inLanguage\":\"da-DK\"},{\"@type\":\"WebPage\",\"@id\":\"https:\\\/\\\/www.hayat.dk\\\/da-dk\\\/kontakt-os\\\/\",\"url\":\"https:\\\/\\\/www.hayat.dk\\\/da-dk\\\/kontakt-os\\\/\",\"name\":\"Kontakt Os - Hayat\",\"isPartOf\":{\"@id\":\"https:\\\/\\\/www.hayat.dk\\\/da-dk\\\/#website\"},\"datePublished\":\"2024-01-22T15:41:26+00:00\",\"dateModified\":\"2026-04-19T19:17:39+00:00\",\"description\":\"Kontakt Os Hayat \u2013 multikulturelle nyheder i Danmark Hayat er Danmarks multikulturelle nyhedsmedie. Har du sp\u00f8rgsm\u00e5l, samarbejdsforslag eller \u00f8nsker du at\",\"breadcrumb\":{\"@id\":\"https:\\\/\\\/www.hayat.dk\\\/da-dk\\\/kontakt-os\\\/#breadcrumb\"},\"inLanguage\":\"da-DK\",\"potentialAction\":[{\"@type\":\"ReadAction\",\"target\":[\"https:\\\/\\\/www.hayat.dk\\\/da-dk\\\/kontakt-os\\\/\"]}]},{\"@type\":\"BreadcrumbList\",\"@id\":\"https:\\\/\\\/www.hayat.dk\\\/da-dk\\\/kontakt-os\\\/#breadcrumb\",\"itemListElement\":[{\"@type\":\"ListItem\",\"position\":1,\"name\":\"Hayat\",\"item\":\"https:\\\/\\\/www.hayat.dk\\\/da-dk\\\/\"},{\"@type\":\"ListItem\",\"position\":2,\"name\":\"Kontakt Os\"}]},{\"@type\":\"WebSite\",\"@id\":\"https:\\\/\\\/www.hayat.dk\\\/da-dk\\\/#website\",\"url\":\"https:\\\/\\\/www.hayat.dk\\\/da-dk\\\/\",\"name\":\"Hayat\",\"description\":\"\",\"publisher\":{\"@id\":\"https:\\\/\\\/www.hayat.dk\\\/da-dk\\\/#organization\"},\"potentialAction\":[{\"@type\":\"SearchAction\",\"target\":{\"@type\":\"EntryPoint\",\"urlTemplate\":\"https:\\\/\\\/www.hayat.dk\\\/da-dk\\\/?s={search_term_string}\"},\"query-input\":{\"@type\":\"PropertyValueSpecification\",\"valueRequired\":true,\"valueName\":\"search_term_string\"}}],\"inLanguage\":\"da-DK\"},{\"@type\":\"Organization\",\"@id\":\"https:\\\/\\\/www.hayat.dk\\\/da-dk\\\/#organization\",\"name\":\"Hayat\",\"url\":\"https:\\\/\\\/www.hayat.dk\\\/da-dk\\\/\",\"logo\":{\"@type\":\"ImageObject\",\"inLanguage\":\"da-DK\",\"@id\":\"https:\\\/\\\/www.hayat.dk\\\/da-dk\\\/#\\\/schema\\\/logo\\\/image\\\/\",\"url\":\"https:\\\/\\\/www.hayat.dk\\\/da-dk\\\/wp-content\\\/uploads\\\/2023\\\/12\\\/hayat-logo-280X96.webp\",\"contentUrl\":\"https:\\\/\\\/www.hayat.dk\\\/da-dk\\\/wp-content\\\/uploads\\\/2023\\\/12\\\/hayat-logo-280X96.webp\",\"width\":280,\"height\":96,\"caption\":\"Hayat\"},\"image\":{\"@id\":\"https:\\\/\\\/www.hayat.dk\\\/da-dk\\\/#\\\/schema\\\/logo\\\/image\\\/\"}},{\"@type\":\"Person\",\"@id\":\"https:\\\/\\\/www.hayat.dk\\\/da-dk\\\/#\\\/schema\\\/person\\\/cda18be6a217b84bdc85ee9d321455e5\",\"name\":\"Hayat\",\"url\":\"https:\\\/\\\/www.hayat.dk\\\/da-dk\\\/author\\\/hayat\\\/\"}]}<\/script>\n<!-- \/ Yoast SEO plugin. -->","yoast_head_json":{"title":"Kontakt Os - Hayat","description":"Kontakt Os Hayat \u2013 multikulturelle nyheder i Danmark Hayat er Danmarks multikulturelle nyhedsmedie. Har du sp\u00f8rgsm\u00e5l, samarbejdsforslag eller \u00f8nsker du at","robots":{"index":"index","follow":"follow","max-snippet":"max-snippet:-1","max-image-preview":"max-image-preview:large","max-video-preview":"max-video-preview:-1"},"canonical":"https:\/\/www.hayat.dk\/da-dk\/kontakt-os\/","og_locale":"da_DK","og_type":"article","og_title":"Kontakt Os - Hayat","og_description":"Kontakt Os Hayat \u2013 multikulturelle nyheder i Danmark Hayat er Danmarks multikulturelle nyhedsmedie. Har du sp\u00f8rgsm\u00e5l, samarbejdsforslag eller \u00f8nsker du at","og_url":"https:\/\/www.hayat.dk\/da-dk\/kontakt-os\/","og_site_name":"Hayat","article_modified_time":"2026-04-19T19:17:39+00:00","twitter_card":"summary_large_image","twitter_misc":{"Estimeret l\u00e6setid":"1 minut"},"schema":{"@context":"https:\/\/schema.org","@graph":[{"@type":"NewsArticle","@id":"https:\/\/www.hayat.dk\/da-dk\/kontakt-os\/#article","isPartOf":{"@id":"https:\/\/www.hayat.dk\/da-dk\/kontakt-os\/"},"author":{"name":"Hayat","@id":"https:\/\/www.hayat.dk\/da-dk\/#\/schema\/person\/cda18be6a217b84bdc85ee9d321455e5"},"headline":"Kontakt Os","datePublished":"2024-01-22T15:41:26+00:00","dateModified":"2026-04-19T19:17:39+00:00","mainEntityOfPage":{"@id":"https:\/\/www.hayat.dk\/da-dk\/kontakt-os\/"},"wordCount":118,"publisher":{"@id":"https:\/\/www.hayat.dk\/da-dk\/#organization"},"inLanguage":"da-DK"},{"@type":"WebPage","@id":"https:\/\/www.hayat.dk\/da-dk\/kontakt-os\/","url":"https:\/\/www.hayat.dk\/da-dk\/kontakt-os\/","name":"Kontakt Os - Hayat","isPartOf":{"@id":"https:\/\/www.hayat.dk\/da-dk\/#website"},"datePublished":"2024-01-22T15:41:26+00:00","dateModified":"2026-04-19T19:17:39+00:00","description":"Kontakt Os Hayat \u2013 multikulturelle nyheder i Danmark Hayat er Danmarks multikulturelle nyhedsmedie. Har du sp\u00f8rgsm\u00e5l, samarbejdsforslag eller \u00f8nsker du at","breadcrumb":{"@id":"https:\/\/www.hayat.dk\/da-dk\/kontakt-os\/#breadcrumb"},"inLanguage":"da-DK","potentialAction":[{"@type":"ReadAction","target":["https:\/\/www.hayat.dk\/da-dk\/kontakt-os\/"]}]},{"@type":"BreadcrumbList","@id":"https:\/\/www.hayat.dk\/da-dk\/kontakt-os\/#breadcrumb","itemListElement":[{"@type":"ListItem","position":1,"name":"Hayat","item":"https:\/\/www.hayat.dk\/da-dk\/"},{"@type":"ListItem","position":2,"name":"Kontakt Os"}]},{"@type":"WebSite","@id":"https:\/\/www.hayat.dk\/da-dk\/#website","url":"https:\/\/www.hayat.dk\/da-dk\/","name":"Hayat","description":"","publisher":{"@id":"https:\/\/www.hayat.dk\/da-dk\/#organization"},"potentialAction":[{"@type":"SearchAction","target":{"@type":"EntryPoint","urlTemplate":"https:\/\/www.hayat.dk\/da-dk\/?s={search_term_string}"},"query-input":{"@type":"PropertyValueSpecification","valueRequired":true,"valueName":"search_term_string"}}],"inLanguage":"da-DK"},{"@type":"Organization","@id":"https:\/\/www.hayat.dk\/da-dk\/#organization","name":"Hayat","url":"https:\/\/www.hayat.dk\/da-dk\/","logo":{"@type":"ImageObject","inLanguage":"da-DK","@id":"https:\/\/www.hayat.dk\/da-dk\/#\/schema\/logo\/image\/","url":"https:\/\/www.hayat.dk\/da-dk\/wp-content\/uploads\/2023\/12\/hayat-logo-280X96.webp","contentUrl":"https:\/\/www.hayat.dk\/da-dk\/wp-content\/uploads\/2023\/12\/hayat-logo-280X96.webp","width":280,"height":96,"caption":"Hayat"},"image":{"@id":"https:\/\/www.hayat.dk\/da-dk\/#\/schema\/logo\/image\/"}},{"@type":"Person","@id":"https:\/\/www.hayat.dk\/da-dk\/#\/schema\/person\/cda18be6a217b84bdc85ee9d321455e5","name":"Hayat","url":"https:\/\/www.hayat.dk\/da-dk\/author\/hayat\/"}]}},"_links":{"self":[{"href":"https:\/\/www.hayat.dk\/da-dk\/wp-json\/wp\/v2\/pages\/122","targetHints":{"allow":["GET"]}}],"collection":[{"href":"https:\/\/www.hayat.dk\/da-dk\/wp-json\/wp\/v2\/pages"}],"about":[{"href":"https:\/\/www.hayat.dk\/da-dk\/wp-json\/wp\/v2\/types\/page"}],"author":[{"embeddable":true,"href":"https:\/\/www.hayat.dk\/da-dk\/wp-json\/wp\/v2\/users\/2"}],"replies":[{"embeddable":true,"href":"https:\/\/www.hayat.dk\/da-dk\/wp-json\/wp\/v2\/comments?post=122"}],"version-history":[{"count":7,"href":"https:\/\/www.hayat.dk\/da-dk\/wp-json\/wp\/v2\/pages\/122\/revisions"}],"predecessor-version":[{"id":3397,"href":"https:\/\/www.hayat.dk\/da-dk\/wp-json\/wp\/v2\/pages\/122\/revisions\/3397"}],"wp:attachment":[{"href":"https:\/\/www.hayat.dk\/da-dk\/wp-json\/wp\/v2\/media?parent=122"}],"curies":[{"name":"wp","href":"https:\/\/api.w.org\/{rel}","templated":true}]}}